{"id":1416,"date":"2024-12-31T02:02:22","date_gmt":"2024-12-31T02:02:22","guid":{"rendered":"https:\/\/prio.swiss\/impressum\/"},"modified":"2024-12-31T02:12:43","modified_gmt":"2024-12-31T02:12:43","slug":"mentions-legales","status":"publish","type":"page","link":"https:\/\/prio.swiss\/fr\/mentions-legales\/","title":{"rendered":"Mentions l\u00e9gales"},"content":{"rendered":"\t\t<div data-elementor-type=\"wp-page\" data-elementor-id=\"1416\" class=\"elementor elementor-1416 elementor-1405\" data-elementor-post-type=\"page\">\n\t\t\t\t<div class=\"elementor-element elementor-element-7c444ff e-con-full e-flex e-con e-parent\" data-id=\"7c444ff\" data-element_type=\"container\">\n\t\t\t\t<div class=\"elementor-element elementor-element-f9a6a0f elementor-widget elementor-widget-button\" data-id=\"f9a6a0f\" data-element_type=\"widget\" data-widget_type=\"button.default\">\n\t\t\t\t<div class=\"elementor-widget-container\">\n\t\t\t\t\t\t\t\t\t<div class=\"elementor-button-wrapper\">\n\t\t\t\t\t<a class=\"elementor-button elementor-button-link elementor-size-sm\" href=\"https:\/\/prio.swiss\/fr\/\">\n\t\t\t\t\t\t<span class=\"elementor-button-content-wrapper\">\n\t\t\t\t\t\t\t\t\t<span class=\"elementor-button-text\">&lt; zur\u00fcck<\/span>\n\t\t\t\t\t<\/span>\n\t\t\t\t\t<\/a>\n\t\t\t\t<\/div>\n\t\t\t\t\t\t\t\t<\/div>\n\t\t\t\t<\/div>\n\t\t\t\t<\/div>\n\t\t<section class=\"elementor-element elementor-element-976a098 e-flex e-con-boxed e-con e-parent\" data-id=\"976a098\" data-element_type=\"container\">\n\t\t\t\t\t<div class=\"e-con-inner\">\n\t\t\t\t<div class=\"elementor-element elementor-element-d8d0c3c elementor-widget elementor-widget-heading\" data-id=\"d8d0c3c\" data-element_type=\"widget\" data-widget_type=\"heading.default\">\n\t\t\t\t<div class=\"elementor-widget-container\">\n\t\t\t\t\t<h1 class=\"elementor-heading-title elementor-size-default\">Mentions l\u00e9gales<\/h1>\t\t\t\t<\/div>\n\t\t\t\t<\/div>\n\t\t\t\t<div class=\"elementor-element elementor-element-4f12741 elementor-widget elementor-widget-text-editor\" data-id=\"4f12741\" data-element_type=\"widget\" data-widget_type=\"text-editor.default\">\n\t\t\t\t<div class=\"elementor-widget-container\">\n\t\t\t\t\t\t\t\t\t<h5>Responsable du contenu<\/h5><p>prio.swiss<\/p><h5>Conception et design<\/h5><p>Metaloop AG<br \/>Furkastrasse 3<br \/>3900 Brig<\/p><p>Telefon: 027 922 08 50<br \/>E-Mail: <a href=\"mailto:info@metaloop.ch\">info@metaloop.ch<\/a><\/p><h5>D\u00e9veloppement web et h\u00e9bergement<\/h5><p>Valpix GmbH<br \/>Kantonsstrasse 73a<br \/>3930 Visp<\/p><p>Telefon: +41 27 924 60 82<br \/>E-Mail: <a href=\"mailto:hallo@valpix.ch\">hallo@valpix.ch<\/a><\/p><h5>Avis de responsabilit\u00e9<\/h5><p>Le contenu de ces pages web est mis \u00e0 jour avec le plus grand soin. N\u00e9anmoins, aucune responsabilit\u00e9 n&rsquo;est assum\u00e9e pour le contenu. Sous r\u00e9serve de fautes d&rsquo;impression, d&rsquo;erreurs et de modifications. Le contenu est prot\u00e9g\u00e9 par les droits d&rsquo;auteur. Nous n&rsquo;assumons aucune responsabilit\u00e9 pour le contenu des liens externes. Seuls les exploitants des pages li\u00e9es sont responsables de leur contenu.<\/p>\t\t\t\t\t\t\t\t<\/div>\n\t\t\t\t<\/div>\n\t\t\t\t\t<\/div>\n\t\t\t\t<\/section>\n\t\t\t\t<\/div>\n\t\t","protected":false},"excerpt":{"rendered":"<p>< zur\u00fcck Mentions l\u00e9gales Responsable du contenu prio.swiss Conception et design Metaloop AGFurkastrasse 33900 Brig Telefon: 027 922 08 50E-Mail: info@metaloop.ch D\u00e9veloppement web et h\u00e9bergement Valpix GmbHKantonsstrasse 73a3930 Visp Telefon: +41 27 924 60 82E-Mail: hallo@valpix.ch Avis de responsabilit\u00e9 Le contenu de ces pages web est mis \u00e0 jour avec le plus grand soin. N\u00e9anmoins, [&hellip;]\n<\/p>\n","protected":false},"author":1,"featured_media":0,"parent":0,"menu_order":0,"comment_status":"closed","ping_status":"closed","template":"","meta":{"_acf_changed":false,"footnotes":""},"class_list":["post-1416","page","type-page","status-publish","hentry"],"acf":[],"yoast_head":"<!-- This site is optimized with the Yoast SEO plugin v26.6 - https:\/\/yoast.com\/wordpress\/plugins\/seo\/ -->\n<title>Mentions l\u00e9gales - Prio.Swiss \u2013 Der Verband Schweizer Krankenversicherer<\/title>\n<meta name=\"robots\" content=\"index, follow, max-snippet:-1, max-image-preview:large, max-video-preview:-1\" \/>\n<link rel=\"canonical\" href=\"https:\/\/prio.swiss\/fr\/mentions-legales\/\" \/>\n<meta property=\"og:locale\" content=\"fr_FR\" \/>\n<meta property=\"og:type\" content=\"article\" \/>\n<meta property=\"og:title\" content=\"Mentions l\u00e9gales - Prio.Swiss \u2013 Der Verband Schweizer Krankenversicherer\" \/>\n<meta property=\"og:description\" content=\"&lt; zur\u00fcck Mentions l\u00e9gales Responsable du contenu prio.swiss Conception et design Metaloop AGFurkastrasse 33900 Brig Telefon: 027 922 08 50E-Mail: info@metaloop.ch D\u00e9veloppement web et h\u00e9bergement Valpix GmbHKantonsstrasse 73a3930 Visp Telefon: +41 27 924 60 82E-Mail: hallo@valpix.ch Avis de responsabilit\u00e9 Le contenu de ces pages web est mis \u00e0 jour avec le plus grand soin. N\u00e9anmoins, [&hellip;]\" \/>\n<meta property=\"og:url\" content=\"https:\/\/prio.swiss\/fr\/mentions-legales\/\" \/>\n<meta property=\"og:site_name\" content=\"Prio.Swiss \u2013 Der Verband Schweizer Krankenversicherer\" \/>\n<meta property=\"article:modified_time\" content=\"2024-12-31T02:12:43+00:00\" \/>\n<meta name=\"twitter:card\" content=\"summary_large_image\" \/>\n<meta name=\"twitter:label1\" content=\"Dur\u00e9e de lecture estim\u00e9e\" \/>\n\t<meta name=\"twitter:data1\" content=\"1 minute\" \/>\n<script type=\"application\/ld+json\" class=\"yoast-schema-graph\">{\"@context\":\"https:\/\/schema.org\",\"@graph\":[{\"@type\":\"WebPage\",\"@id\":\"https:\/\/prio.swiss\/fr\/mentions-legales\/\",\"url\":\"https:\/\/prio.swiss\/fr\/mentions-legales\/\",\"name\":\"Mentions l\u00e9gales - Prio.Swiss \u2013 Der Verband Schweizer Krankenversicherer\",\"isPartOf\":{\"@id\":\"https:\/\/prio.swiss\/#website\"},\"datePublished\":\"2024-12-31T02:02:22+00:00\",\"dateModified\":\"2024-12-31T02:12:43+00:00\",\"breadcrumb\":{\"@id\":\"https:\/\/prio.swiss\/fr\/mentions-legales\/#breadcrumb\"},\"inLanguage\":\"fr-FR\",\"potentialAction\":[{\"@type\":\"ReadAction\",\"target\":[\"https:\/\/prio.swiss\/fr\/mentions-legales\/\"]}]},{\"@type\":\"BreadcrumbList\",\"@id\":\"https:\/\/prio.swiss\/fr\/mentions-legales\/#breadcrumb\",\"itemListElement\":[{\"@type\":\"ListItem\",\"position\":1,\"name\":\"Startseite\",\"item\":\"https:\/\/prio.swiss\/fr\/\"},{\"@type\":\"ListItem\",\"position\":2,\"name\":\"Mentions l\u00e9gales\"}]},{\"@type\":\"WebSite\",\"@id\":\"https:\/\/prio.swiss\/#website\",\"url\":\"https:\/\/prio.swiss\/\",\"name\":\"Prio.Swiss \u2013 Der Verband Schweizer Krankenversicherer\",\"description\":\"\",\"potentialAction\":[{\"@type\":\"SearchAction\",\"target\":{\"@type\":\"EntryPoint\",\"urlTemplate\":\"https:\/\/prio.swiss\/?s={search_term_string}\"},\"query-input\":{\"@type\":\"PropertyValueSpecification\",\"valueRequired\":true,\"valueName\":\"search_term_string\"}}],\"inLanguage\":\"fr-FR\"}]}<\/script>\n<!-- \/ Yoast SEO plugin. -->","yoast_head_json":{"title":"Mentions l\u00e9gales - Prio.Swiss \u2013 Der Verband Schweizer Krankenversicherer","robots":{"index":"index","follow":"follow","max-snippet":"max-snippet:-1","max-image-preview":"max-image-preview:large","max-video-preview":"max-video-preview:-1"},"canonical":"https:\/\/prio.swiss\/fr\/mentions-legales\/","og_locale":"fr_FR","og_type":"article","og_title":"Mentions l\u00e9gales - Prio.Swiss \u2013 Der Verband Schweizer Krankenversicherer","og_description":"< zur\u00fcck Mentions l\u00e9gales Responsable du contenu prio.swiss Conception et design Metaloop AGFurkastrasse 33900 Brig Telefon: 027 922 08 50E-Mail: info@metaloop.ch D\u00e9veloppement web et h\u00e9bergement Valpix GmbHKantonsstrasse 73a3930 Visp Telefon: +41 27 924 60 82E-Mail: hallo@valpix.ch Avis de responsabilit\u00e9 Le contenu de ces pages web est mis \u00e0 jour avec le plus grand soin. N\u00e9anmoins, [&hellip;]","og_url":"https:\/\/prio.swiss\/fr\/mentions-legales\/","og_site_name":"Prio.Swiss \u2013 Der Verband Schweizer Krankenversicherer","article_modified_time":"2024-12-31T02:12:43+00:00","twitter_card":"summary_large_image","twitter_misc":{"Dur\u00e9e de lecture estim\u00e9e":"1 minute"},"schema":{"@context":"https:\/\/schema.org","@graph":[{"@type":"WebPage","@id":"https:\/\/prio.swiss\/fr\/mentions-legales\/","url":"https:\/\/prio.swiss\/fr\/mentions-legales\/","name":"Mentions l\u00e9gales - Prio.Swiss \u2013 Der Verband Schweizer Krankenversicherer","isPartOf":{"@id":"https:\/\/prio.swiss\/#website"},"datePublished":"2024-12-31T02:02:22+00:00","dateModified":"2024-12-31T02:12:43+00:00","breadcrumb":{"@id":"https:\/\/prio.swiss\/fr\/mentions-legales\/#breadcrumb"},"inLanguage":"fr-FR","potentialAction":[{"@type":"ReadAction","target":["https:\/\/prio.swiss\/fr\/mentions-legales\/"]}]},{"@type":"BreadcrumbList","@id":"https:\/\/prio.swiss\/fr\/mentions-legales\/#breadcrumb","itemListElement":[{"@type":"ListItem","position":1,"name":"Startseite","item":"https:\/\/prio.swiss\/fr\/"},{"@type":"ListItem","position":2,"name":"Mentions l\u00e9gales"}]},{"@type":"WebSite","@id":"https:\/\/prio.swiss\/#website","url":"https:\/\/prio.swiss\/","name":"Prio.Swiss \u2013 Der Verband Schweizer Krankenversicherer","description":"","potentialAction":[{"@type":"SearchAction","target":{"@type":"EntryPoint","urlTemplate":"https:\/\/prio.swiss\/?s={search_term_string}"},"query-input":{"@type":"PropertyValueSpecification","valueRequired":true,"valueName":"search_term_string"}}],"inLanguage":"fr-FR"}]}},"_links":{"self":[{"href":"https:\/\/prio.swiss\/fr\/wp-json\/wp\/v2\/pages\/1416","targetHints":{"allow":["GET"]}}],"collection":[{"href":"https:\/\/prio.swiss\/fr\/wp-json\/wp\/v2\/pages"}],"about":[{"href":"https:\/\/prio.swiss\/fr\/wp-json\/wp\/v2\/types\/page"}],"author":[{"embeddable":true,"href":"https:\/\/prio.swiss\/fr\/wp-json\/wp\/v2\/users\/1"}],"replies":[{"embeddable":true,"href":"https:\/\/prio.swiss\/fr\/wp-json\/wp\/v2\/comments?post=1416"}],"version-history":[{"count":4,"href":"https:\/\/prio.swiss\/fr\/wp-json\/wp\/v2\/pages\/1416\/revisions"}],"predecessor-version":[{"id":1429,"href":"https:\/\/prio.swiss\/fr\/wp-json\/wp\/v2\/pages\/1416\/revisions\/1429"}],"wp:attachment":[{"href":"https:\/\/prio.swiss\/fr\/wp-json\/wp\/v2\/media?parent=1416"}],"curies":[{"name":"wp","href":"https:\/\/api.w.org\/{rel}","templated":true}]}}