{"id":4349,"date":"2025-09-16T12:47:58","date_gmt":"2025-09-16T12:47:58","guid":{"rendered":"https:\/\/prio.swiss\/?page_id=4349"},"modified":"2025-10-10T07:27:02","modified_gmt":"2025-10-10T07:27:02","slug":"services-des-medecins-conseils","status":"publish","type":"page","link":"https:\/\/prio.swiss\/fr\/services-des-medecins-conseils\/","title":{"rendered":"Services des m\u00e9decins-conseils"},"content":{"rendered":"\t\t<div data-elementor-type=\"wp-page\" data-elementor-id=\"4349\" class=\"elementor elementor-4349 elementor-4246\" data-elementor-post-type=\"page\">\n\t\t\t\t<div class=\"elementor-element elementor-element-da91731 e-con-full e-flex e-con e-parent\" data-id=\"da91731\" data-element_type=\"container\">\n\t\t\t\t<div class=\"elementor-element elementor-element-4d46f94 elementor-widget elementor-widget-button\" data-id=\"4d46f94\" data-element_type=\"widget\" data-widget_type=\"button.default\">\n\t\t\t\t<div class=\"elementor-widget-container\">\n\t\t\t\t\t\t\t\t\t<div class=\"elementor-button-wrapper\">\n\t\t\t\t\t<a class=\"elementor-button elementor-button-link elementor-size-sm\" href=\"https:\/\/prio.swiss\/fr\/\">\n\t\t\t\t\t\t<span class=\"elementor-button-content-wrapper\">\n\t\t\t\t\t\t\t\t\t<span class=\"elementor-button-text\">&lt; retour<\/span>\n\t\t\t\t\t<\/span>\n\t\t\t\t\t<\/a>\n\t\t\t\t<\/div>\n\t\t\t\t\t\t\t\t<\/div>\n\t\t\t\t<\/div>\n\t\t\t\t<\/div>\n\t\t<section class=\"elementor-element elementor-element-d28eae1 e-flex e-con-boxed e-con e-parent\" data-id=\"d28eae1\" data-element_type=\"container\">\n\t\t\t\t\t<div class=\"e-con-inner\">\n\t\t\t\t<div class=\"elementor-element elementor-element-f82ac57 elementor-widget elementor-widget-heading\" data-id=\"f82ac57\" data-element_type=\"widget\" data-widget_type=\"heading.default\">\n\t\t\t\t<div class=\"elementor-widget-container\">\n\t\t\t\t\t<h1 class=\"elementor-heading-title elementor-size-default\">Services des m\u00e9decins-conseils<\/h1>\t\t\t\t<\/div>\n\t\t\t\t<\/div>\n\t\t\t\t<div class=\"elementor-element elementor-element-d30c3ca elementor-widget elementor-widget-text-editor\" data-id=\"d30c3ca\" data-element_type=\"widget\" data-widget_type=\"text-editor.default\">\n\t\t\t\t<div class=\"elementor-widget-container\">\n\t\t\t\t\t\t\t\t\t<p>Informations pratiques pour les fournisseurs de prestations : vous trouvez ici la liste des coordonn\u00e9es des services des m\u00e9decins-conseils des assureurs-maladie.<\/p><p><strong>Annexe:<\/strong><\/p><ul><li><a href=\"https:\/\/prio.swiss\/wp-content\/uploads\/2025\/09\/VA-Liste_Krankenversicherer_BAG-Nr_2025_07_24.pdf\" target=\"_blank\" rel=\"noopener\">Liste des services des m\u00e9decins-conseils<\/a><\/li><\/ul>\t\t\t\t\t\t\t\t<\/div>\n\t\t\t\t<\/div>\n\t\t\t\t\t<\/div>\n\t\t\t\t<\/section>\n\t\t\t\t<\/div>\n\t\t","protected":false},"excerpt":{"rendered":"<p>&lt; retour Services des m\u00e9decins-conseils Informations pratiques pour les fournisseurs de prestations : vous trouvez ici la liste des coordonn\u00e9es des services des m\u00e9decins-conseils des assureurs-maladie. Annexe: Liste des services des m\u00e9decins-conseils<\/p>\n","protected":false},"author":5,"featured_media":0,"parent":0,"menu_order":0,"comment_status":"closed","ping_status":"closed","template":"","meta":{"_acf_changed":false,"footnotes":""},"class_list":["post-4349","page","type-page","status-publish","hentry"],"acf":[],"yoast_head":"<!-- This site is optimized with the Yoast SEO plugin v26.6 - https:\/\/yoast.com\/wordpress\/plugins\/seo\/ -->\n<title>Services des m\u00e9decins-conseils - Prio.Swiss \u2013 Der Verband Schweizer Krankenversicherer<\/title>\n<meta name=\"robots\" content=\"index, follow, max-snippet:-1, max-image-preview:large, max-video-preview:-1\" \/>\n<link rel=\"canonical\" href=\"https:\/\/prio.swiss\/vertrauensaerztliche-dienste-der-krankenversicherer\/\" \/>\n<meta property=\"og:locale\" content=\"fr_FR\" \/>\n<meta property=\"og:type\" content=\"article\" \/>\n<meta property=\"og:title\" content=\"Services des m\u00e9decins-conseils - Prio.Swiss \u2013 Der Verband Schweizer Krankenversicherer\" \/>\n<meta property=\"og:description\" content=\"&lt; retour Services des m\u00e9decins-conseils Informations pratiques pour les fournisseurs de prestations : vous trouvez ici la liste des coordonn\u00e9es des services des m\u00e9decins-conseils des assureurs-maladie. Annexe: Liste des services des m\u00e9decins-conseils\" \/>\n<meta property=\"og:url\" content=\"https:\/\/prio.swiss\/vertrauensaerztliche-dienste-der-krankenversicherer\/\" \/>\n<meta property=\"og:site_name\" content=\"Prio.Swiss \u2013 Der Verband Schweizer Krankenversicherer\" \/>\n<meta property=\"article:modified_time\" content=\"2025-10-10T07:27:02+00:00\" \/>\n<meta name=\"twitter:card\" content=\"summary_large_image\" \/>\n<meta name=\"twitter:label1\" content=\"Dur\u00e9e de lecture estim\u00e9e\" \/>\n\t<meta name=\"twitter:data1\" content=\"1 minute\" \/>\n<script type=\"application\/ld+json\" class=\"yoast-schema-graph\">{\"@context\":\"https:\/\/schema.org\",\"@graph\":[{\"@type\":\"WebPage\",\"@id\":\"https:\/\/prio.swiss\/vertrauensaerztliche-dienste-der-krankenversicherer\/\",\"url\":\"https:\/\/prio.swiss\/vertrauensaerztliche-dienste-der-krankenversicherer\/\",\"name\":\"Services des m\u00e9decins-conseils - Prio.Swiss \u2013 Der Verband Schweizer Krankenversicherer\",\"isPartOf\":{\"@id\":\"https:\/\/prio.swiss\/#website\"},\"datePublished\":\"2025-09-16T12:47:58+00:00\",\"dateModified\":\"2025-10-10T07:27:02+00:00\",\"breadcrumb\":{\"@id\":\"https:\/\/prio.swiss\/vertrauensaerztliche-dienste-der-krankenversicherer\/#breadcrumb\"},\"inLanguage\":\"fr-FR\",\"potentialAction\":[{\"@type\":\"ReadAction\",\"target\":[\"https:\/\/prio.swiss\/vertrauensaerztliche-dienste-der-krankenversicherer\/\"]}]},{\"@type\":\"BreadcrumbList\",\"@id\":\"https:\/\/prio.swiss\/vertrauensaerztliche-dienste-der-krankenversicherer\/#breadcrumb\",\"itemListElement\":[{\"@type\":\"ListItem\",\"position\":1,\"name\":\"Startseite\",\"item\":\"https:\/\/prio.swiss\/fr\/\"},{\"@type\":\"ListItem\",\"position\":2,\"name\":\"Services des m\u00e9decins-conseils\"}]},{\"@type\":\"WebSite\",\"@id\":\"https:\/\/prio.swiss\/#website\",\"url\":\"https:\/\/prio.swiss\/\",\"name\":\"Prio.Swiss \u2013 Der Verband Schweizer Krankenversicherer\",\"description\":\"\",\"potentialAction\":[{\"@type\":\"SearchAction\",\"target\":{\"@type\":\"EntryPoint\",\"urlTemplate\":\"https:\/\/prio.swiss\/?s={search_term_string}\"},\"query-input\":{\"@type\":\"PropertyValueSpecification\",\"valueRequired\":true,\"valueName\":\"search_term_string\"}}],\"inLanguage\":\"fr-FR\"}]}<\/script>\n<!-- \/ Yoast SEO plugin. -->","yoast_head_json":{"title":"Services des m\u00e9decins-conseils - Prio.Swiss \u2013 Der Verband Schweizer Krankenversicherer","robots":{"index":"index","follow":"follow","max-snippet":"max-snippet:-1","max-image-preview":"max-image-preview:large","max-video-preview":"max-video-preview:-1"},"canonical":"https:\/\/prio.swiss\/vertrauensaerztliche-dienste-der-krankenversicherer\/","og_locale":"fr_FR","og_type":"article","og_title":"Services des m\u00e9decins-conseils - Prio.Swiss \u2013 Der Verband Schweizer Krankenversicherer","og_description":"&lt; retour Services des m\u00e9decins-conseils Informations pratiques pour les fournisseurs de prestations : vous trouvez ici la liste des coordonn\u00e9es des services des m\u00e9decins-conseils des assureurs-maladie. Annexe: Liste des services des m\u00e9decins-conseils","og_url":"https:\/\/prio.swiss\/vertrauensaerztliche-dienste-der-krankenversicherer\/","og_site_name":"Prio.Swiss \u2013 Der Verband Schweizer Krankenversicherer","article_modified_time":"2025-10-10T07:27:02+00:00","twitter_card":"summary_large_image","twitter_misc":{"Dur\u00e9e de lecture estim\u00e9e":"1 minute"},"schema":{"@context":"https:\/\/schema.org","@graph":[{"@type":"WebPage","@id":"https:\/\/prio.swiss\/vertrauensaerztliche-dienste-der-krankenversicherer\/","url":"https:\/\/prio.swiss\/vertrauensaerztliche-dienste-der-krankenversicherer\/","name":"Services des m\u00e9decins-conseils - Prio.Swiss \u2013 Der Verband Schweizer Krankenversicherer","isPartOf":{"@id":"https:\/\/prio.swiss\/#website"},"datePublished":"2025-09-16T12:47:58+00:00","dateModified":"2025-10-10T07:27:02+00:00","breadcrumb":{"@id":"https:\/\/prio.swiss\/vertrauensaerztliche-dienste-der-krankenversicherer\/#breadcrumb"},"inLanguage":"fr-FR","potentialAction":[{"@type":"ReadAction","target":["https:\/\/prio.swiss\/vertrauensaerztliche-dienste-der-krankenversicherer\/"]}]},{"@type":"BreadcrumbList","@id":"https:\/\/prio.swiss\/vertrauensaerztliche-dienste-der-krankenversicherer\/#breadcrumb","itemListElement":[{"@type":"ListItem","position":1,"name":"Startseite","item":"https:\/\/prio.swiss\/fr\/"},{"@type":"ListItem","position":2,"name":"Services des m\u00e9decins-conseils"}]},{"@type":"WebSite","@id":"https:\/\/prio.swiss\/#website","url":"https:\/\/prio.swiss\/","name":"Prio.Swiss \u2013 Der Verband Schweizer Krankenversicherer","description":"","potentialAction":[{"@type":"SearchAction","target":{"@type":"EntryPoint","urlTemplate":"https:\/\/prio.swiss\/?s={search_term_string}"},"query-input":{"@type":"PropertyValueSpecification","valueRequired":true,"valueName":"search_term_string"}}],"inLanguage":"fr-FR"}]}},"_links":{"self":[{"href":"https:\/\/prio.swiss\/fr\/wp-json\/wp\/v2\/pages\/4349","targetHints":{"allow":["GET"]}}],"collection":[{"href":"https:\/\/prio.swiss\/fr\/wp-json\/wp\/v2\/pages"}],"about":[{"href":"https:\/\/prio.swiss\/fr\/wp-json\/wp\/v2\/types\/page"}],"author":[{"embeddable":true,"href":"https:\/\/prio.swiss\/fr\/wp-json\/wp\/v2\/users\/5"}],"replies":[{"embeddable":true,"href":"https:\/\/prio.swiss\/fr\/wp-json\/wp\/v2\/comments?post=4349"}],"version-history":[{"count":10,"href":"https:\/\/prio.swiss\/fr\/wp-json\/wp\/v2\/pages\/4349\/revisions"}],"predecessor-version":[{"id":4504,"href":"https:\/\/prio.swiss\/fr\/wp-json\/wp\/v2\/pages\/4349\/revisions\/4504"}],"wp:attachment":[{"href":"https:\/\/prio.swiss\/fr\/wp-json\/wp\/v2\/media?parent=4349"}],"curies":[{"name":"wp","href":"https:\/\/api.w.org\/{rel}","templated":true}]}}