{"id":4425,"date":"2025-04-22T09:25:37","date_gmt":"2025-04-22T09:25:37","guid":{"rendered":"https:\/\/prio.swiss\/?page_id=4425"},"modified":"2026-02-06T15:03:34","modified_gmt":"2026-02-06T15:03:34","slug":"intermediaires","status":"publish","type":"page","link":"https:\/\/prio.swiss\/fr\/intermediaires\/","title":{"rendered":"Interm\u00e9diaires"},"content":{"rendered":"\t\t<div data-elementor-type=\"wp-page\" data-elementor-id=\"4425\" class=\"elementor elementor-4425 elementor-2207\" data-elementor-post-type=\"page\">\n\t\t\t\t<div class=\"elementor-element elementor-element-da91731 e-con-full e-flex e-con e-parent\" data-id=\"da91731\" data-element_type=\"container\">\n\t\t\t\t<div class=\"elementor-element elementor-element-4d46f94 elementor-widget elementor-widget-button\" data-id=\"4d46f94\" data-element_type=\"widget\" data-widget_type=\"button.default\">\n\t\t\t\t<div class=\"elementor-widget-container\">\n\t\t\t\t\t\t\t\t\t<div class=\"elementor-button-wrapper\">\n\t\t\t\t\t<a class=\"elementor-button elementor-button-link elementor-size-sm\" href=\"https:\/\/prio.swiss\/fr\/\">\n\t\t\t\t\t\t<span class=\"elementor-button-content-wrapper\">\n\t\t\t\t\t\t\t\t\t<span class=\"elementor-button-text\">&lt; retour<\/span>\n\t\t\t\t\t<\/span>\n\t\t\t\t\t<\/a>\n\t\t\t\t<\/div>\n\t\t\t\t\t\t\t\t<\/div>\n\t\t\t\t<\/div>\n\t\t\t\t<\/div>\n\t\t<section class=\"elementor-element elementor-element-d28eae1 e-flex e-con-boxed e-con e-parent\" data-id=\"d28eae1\" data-element_type=\"container\">\n\t\t\t\t\t<div class=\"e-con-inner\">\n\t\t\t\t<div class=\"elementor-element elementor-element-f82ac57 elementor-widget elementor-widget-heading\" data-id=\"f82ac57\" data-element_type=\"widget\" data-widget_type=\"heading.default\">\n\t\t\t\t<div class=\"elementor-widget-container\">\n\t\t\t\t\t<h1 class=\"elementor-heading-title elementor-size-default\">Interm\u00e9diaires<\/h1>\t\t\t\t<\/div>\n\t\t\t\t<\/div>\n\t\t\t\t<div class=\"elementor-element elementor-element-d30c3ca elementor-widget elementor-widget-text-editor\" data-id=\"d30c3ca\" data-element_type=\"widget\" data-widget_type=\"text-editor.default\">\n\t\t\t\t<div class=\"elementor-widget-container\">\n\t\t\t\t\t\t\t\t\t<p>Les conseils comp\u00e9tents prodigu\u00e9s par les interm\u00e9diaires ou les plateformes de comparaison constituent une prestation utile et souhait\u00e9e par les assur\u00e9s, qui leur permet notamment, dans le domaine des assurances compl\u00e9mentaires, de prendre une d\u00e9cision \u00e9clair\u00e9e en faveur d&rsquo;une couverture d&rsquo;assurance adapt\u00e9e \u00e0 leur situation personnelle.<\/p><p>L&rsquo;activit\u00e9 des interm\u00e9diaires dans le domaine de l&rsquo;assurance-maladie et de l&rsquo;assurance-maladie compl\u00e9mentaire est r\u00e9gie par diff\u00e9rentes lois et par une convention sectorielle. La convention sectorielle concerne trois domaines : elle fixe des crit\u00e8res de qualit\u00e9 pour le conseil, r\u00e9glemente le montant des commissions accord\u00e9es aux courtiers lors de la conclusion de nouveaux contrats et interdit le d\u00e9marchage t\u00e9l\u00e9phonique.<\/p><p>La convention sectorielle permet de faire la distinction entre les interm\u00e9diaires qui travaillent consciencieusement et ceux qui ne respectent pas les normes de qualit\u00e9. Dans ce cas, les personnes concern\u00e9es peuvent s&rsquo;adresser \u00e0 un service de signalement disponible \u00e0 l&rsquo;adresse <span style=\"color: #0000ff;\">www.fair-mittler.ch<\/span>. La surveillance des interm\u00e9diaires est assur\u00e9e par l&rsquo;OFSP (domaine LAMal) et la FINMA (domaine LCA).<\/p><p><strong>Annexes :<\/strong><\/p><ul><li style=\"list-style-type: none;\"><ul><li><a href=\"https:\/\/prio.swiss\/wp-content\/uploads\/2025\/12\/240322_BVV_3.0_sas_prioswiss_def_sign_F_Logo.pdf\">Accord sectoriel interm\u00e9diaires (<span style=\"color: #0000ff;\">lien<\/span>)<\/a><\/li><li><a href=\"https:\/\/prio.swiss\/wp-content\/uploads\/2025\/12\/250401_BVV3.0_Webseite_Beitritte_Versicherer.pdf\">Liste des assureurs adh\u00e9rents (<span style=\"color: #0000ff;\">lien<\/span>)<\/a><\/li><li>Article \u00ab\u00a0Accord de branche: un premier bilan positif\u00a0\u00bb, f\u00e9vrier 2026 (<span style=\"color: #0000ff;\"><a style=\"color: #0000ff;\" href=\"https:\/\/prio.swiss\/fr\/accord-de-branche-un-premier-bilan-positif\/\">lien<\/a><\/span>)<\/li><\/ul><\/li><\/ul>\t\t\t\t\t\t\t\t<\/div>\n\t\t\t\t<\/div>\n\t\t\t\t\t<\/div>\n\t\t\t\t<\/section>\n\t\t\t\t<\/div>\n\t\t","protected":false},"excerpt":{"rendered":"<p>&lt; retour Interm\u00e9diaires Les conseils comp\u00e9tents prodigu\u00e9s par les interm\u00e9diaires ou les plateformes de comparaison constituent une prestation utile et souhait\u00e9e par les assur\u00e9s, qui leur permet notamment, dans le domaine des assurances compl\u00e9mentaires, de prendre une d\u00e9cision \u00e9clair\u00e9e en faveur d&rsquo;une couverture d&rsquo;assurance adapt\u00e9e \u00e0 leur situation personnelle. L&rsquo;activit\u00e9 des interm\u00e9diaires dans le domaine [&hellip;]<\/p>\n","protected":false},"author":5,"featured_media":0,"parent":0,"menu_order":0,"comment_status":"closed","ping_status":"closed","template":"","meta":{"_acf_changed":false,"footnotes":""},"class_list":["post-4425","page","type-page","status-publish","hentry"],"acf":[],"yoast_head":"<!-- This site is optimized with the Yoast SEO plugin v26.6 - https:\/\/yoast.com\/wordpress\/plugins\/seo\/ -->\n<title>Interm\u00e9diaires - Prio.Swiss \u2013 Der Verband Schweizer Krankenversicherer<\/title>\n<meta name=\"robots\" content=\"index, follow, max-snippet:-1, max-image-preview:large, max-video-preview:-1\" \/>\n<link rel=\"canonical\" href=\"https:\/\/prio.swiss\/fr\/intermediaires\/\" \/>\n<meta property=\"og:locale\" content=\"fr_FR\" \/>\n<meta property=\"og:type\" content=\"article\" \/>\n<meta property=\"og:title\" content=\"Interm\u00e9diaires - Prio.Swiss \u2013 Der Verband Schweizer Krankenversicherer\" \/>\n<meta property=\"og:description\" content=\"&lt; retour Interm\u00e9diaires Les conseils comp\u00e9tents prodigu\u00e9s par les interm\u00e9diaires ou les plateformes de comparaison constituent une prestation utile et souhait\u00e9e par les assur\u00e9s, qui leur permet notamment, dans le domaine des assurances compl\u00e9mentaires, de prendre une d\u00e9cision \u00e9clair\u00e9e en faveur d&rsquo;une couverture d&rsquo;assurance adapt\u00e9e \u00e0 leur situation personnelle. L&rsquo;activit\u00e9 des interm\u00e9diaires dans le domaine [&hellip;]\" \/>\n<meta property=\"og:url\" content=\"https:\/\/prio.swiss\/fr\/intermediaires\/\" \/>\n<meta property=\"og:site_name\" content=\"Prio.Swiss \u2013 Der Verband Schweizer Krankenversicherer\" \/>\n<meta property=\"article:modified_time\" content=\"2026-02-06T15:03:34+00:00\" \/>\n<meta name=\"twitter:card\" content=\"summary_large_image\" \/>\n<meta name=\"twitter:label1\" content=\"Dur\u00e9e de lecture estim\u00e9e\" \/>\n\t<meta name=\"twitter:data1\" content=\"1 minute\" \/>\n<script type=\"application\/ld+json\" class=\"yoast-schema-graph\">{\"@context\":\"https:\/\/schema.org\",\"@graph\":[{\"@type\":\"WebPage\",\"@id\":\"https:\/\/prio.swiss\/fr\/intermediaires\/\",\"url\":\"https:\/\/prio.swiss\/fr\/intermediaires\/\",\"name\":\"Interm\u00e9diaires - Prio.Swiss \u2013 Der Verband Schweizer Krankenversicherer\",\"isPartOf\":{\"@id\":\"https:\/\/prio.swiss\/#website\"},\"datePublished\":\"2025-04-22T09:25:37+00:00\",\"dateModified\":\"2026-02-06T15:03:34+00:00\",\"breadcrumb\":{\"@id\":\"https:\/\/prio.swiss\/fr\/intermediaires\/#breadcrumb\"},\"inLanguage\":\"fr-FR\",\"potentialAction\":[{\"@type\":\"ReadAction\",\"target\":[\"https:\/\/prio.swiss\/fr\/intermediaires\/\"]}]},{\"@type\":\"BreadcrumbList\",\"@id\":\"https:\/\/prio.swiss\/fr\/intermediaires\/#breadcrumb\",\"itemListElement\":[{\"@type\":\"ListItem\",\"position\":1,\"name\":\"Startseite\",\"item\":\"https:\/\/prio.swiss\/fr\/\"},{\"@type\":\"ListItem\",\"position\":2,\"name\":\"Interm\u00e9diaires\"}]},{\"@type\":\"WebSite\",\"@id\":\"https:\/\/prio.swiss\/#website\",\"url\":\"https:\/\/prio.swiss\/\",\"name\":\"Prio.Swiss \u2013 Der Verband Schweizer Krankenversicherer\",\"description\":\"\",\"potentialAction\":[{\"@type\":\"SearchAction\",\"target\":{\"@type\":\"EntryPoint\",\"urlTemplate\":\"https:\/\/prio.swiss\/?s={search_term_string}\"},\"query-input\":{\"@type\":\"PropertyValueSpecification\",\"valueRequired\":true,\"valueName\":\"search_term_string\"}}],\"inLanguage\":\"fr-FR\"}]}<\/script>\n<!-- \/ Yoast SEO plugin. -->","yoast_head_json":{"title":"Interm\u00e9diaires - Prio.Swiss \u2013 Der Verband Schweizer Krankenversicherer","robots":{"index":"index","follow":"follow","max-snippet":"max-snippet:-1","max-image-preview":"max-image-preview:large","max-video-preview":"max-video-preview:-1"},"canonical":"https:\/\/prio.swiss\/fr\/intermediaires\/","og_locale":"fr_FR","og_type":"article","og_title":"Interm\u00e9diaires - Prio.Swiss \u2013 Der Verband Schweizer Krankenversicherer","og_description":"&lt; retour Interm\u00e9diaires Les conseils comp\u00e9tents prodigu\u00e9s par les interm\u00e9diaires ou les plateformes de comparaison constituent une prestation utile et souhait\u00e9e par les assur\u00e9s, qui leur permet notamment, dans le domaine des assurances compl\u00e9mentaires, de prendre une d\u00e9cision \u00e9clair\u00e9e en faveur d&rsquo;une couverture d&rsquo;assurance adapt\u00e9e \u00e0 leur situation personnelle. L&rsquo;activit\u00e9 des interm\u00e9diaires dans le domaine [&hellip;]","og_url":"https:\/\/prio.swiss\/fr\/intermediaires\/","og_site_name":"Prio.Swiss \u2013 Der Verband Schweizer Krankenversicherer","article_modified_time":"2026-02-06T15:03:34+00:00","twitter_card":"summary_large_image","twitter_misc":{"Dur\u00e9e de lecture estim\u00e9e":"1 minute"},"schema":{"@context":"https:\/\/schema.org","@graph":[{"@type":"WebPage","@id":"https:\/\/prio.swiss\/fr\/intermediaires\/","url":"https:\/\/prio.swiss\/fr\/intermediaires\/","name":"Interm\u00e9diaires - Prio.Swiss \u2013 Der Verband Schweizer Krankenversicherer","isPartOf":{"@id":"https:\/\/prio.swiss\/#website"},"datePublished":"2025-04-22T09:25:37+00:00","dateModified":"2026-02-06T15:03:34+00:00","breadcrumb":{"@id":"https:\/\/prio.swiss\/fr\/intermediaires\/#breadcrumb"},"inLanguage":"fr-FR","potentialAction":[{"@type":"ReadAction","target":["https:\/\/prio.swiss\/fr\/intermediaires\/"]}]},{"@type":"BreadcrumbList","@id":"https:\/\/prio.swiss\/fr\/intermediaires\/#breadcrumb","itemListElement":[{"@type":"ListItem","position":1,"name":"Startseite","item":"https:\/\/prio.swiss\/fr\/"},{"@type":"ListItem","position":2,"name":"Interm\u00e9diaires"}]},{"@type":"WebSite","@id":"https:\/\/prio.swiss\/#website","url":"https:\/\/prio.swiss\/","name":"Prio.Swiss \u2013 Der Verband Schweizer Krankenversicherer","description":"","potentialAction":[{"@type":"SearchAction","target":{"@type":"EntryPoint","urlTemplate":"https:\/\/prio.swiss\/?s={search_term_string}"},"query-input":{"@type":"PropertyValueSpecification","valueRequired":true,"valueName":"search_term_string"}}],"inLanguage":"fr-FR"}]}},"_links":{"self":[{"href":"https:\/\/prio.swiss\/fr\/wp-json\/wp\/v2\/pages\/4425","targetHints":{"allow":["GET"]}}],"collection":[{"href":"https:\/\/prio.swiss\/fr\/wp-json\/wp\/v2\/pages"}],"about":[{"href":"https:\/\/prio.swiss\/fr\/wp-json\/wp\/v2\/types\/page"}],"author":[{"embeddable":true,"href":"https:\/\/prio.swiss\/fr\/wp-json\/wp\/v2\/users\/5"}],"replies":[{"embeddable":true,"href":"https:\/\/prio.swiss\/fr\/wp-json\/wp\/v2\/comments?post=4425"}],"version-history":[{"count":16,"href":"https:\/\/prio.swiss\/fr\/wp-json\/wp\/v2\/pages\/4425\/revisions"}],"predecessor-version":[{"id":5330,"href":"https:\/\/prio.swiss\/fr\/wp-json\/wp\/v2\/pages\/4425\/revisions\/5330"}],"wp:attachment":[{"href":"https:\/\/prio.swiss\/fr\/wp-json\/wp\/v2\/media?parent=4425"}],"curies":[{"name":"wp","href":"https:\/\/api.w.org\/{rel}","templated":true}]}}