{"id":1417,"date":"2024-12-31T02:02:22","date_gmt":"2024-12-31T02:02:22","guid":{"rendered":"https:\/\/prio.swiss\/impressum\/"},"modified":"2024-12-31T02:11:16","modified_gmt":"2024-12-31T02:11:16","slug":"informazioni-legali","status":"publish","type":"page","link":"https:\/\/prio.swiss\/it\/informazioni-legali\/","title":{"rendered":"Informazioni legali"},"content":{"rendered":"\t\t<div data-elementor-type=\"wp-page\" data-elementor-id=\"1417\" class=\"elementor elementor-1417 elementor-1405\" data-elementor-post-type=\"page\">\n\t\t\t\t<div class=\"elementor-element elementor-element-7c444ff e-con-full e-flex e-con e-parent\" data-id=\"7c444ff\" data-element_type=\"container\">\n\t\t\t\t<div class=\"elementor-element elementor-element-f9a6a0f elementor-widget elementor-widget-button\" data-id=\"f9a6a0f\" data-element_type=\"widget\" data-widget_type=\"button.default\">\n\t\t\t\t<div class=\"elementor-widget-container\">\n\t\t\t\t\t\t\t\t\t<div class=\"elementor-button-wrapper\">\n\t\t\t\t\t<a class=\"elementor-button elementor-button-link elementor-size-sm\" href=\"https:\/\/prio.swiss\/it\/\">\n\t\t\t\t\t\t<span class=\"elementor-button-content-wrapper\">\n\t\t\t\t\t\t\t\t\t<span class=\"elementor-button-text\">&lt; zur\u00fcck<\/span>\n\t\t\t\t\t<\/span>\n\t\t\t\t\t<\/a>\n\t\t\t\t<\/div>\n\t\t\t\t\t\t\t\t<\/div>\n\t\t\t\t<\/div>\n\t\t\t\t<\/div>\n\t\t<section class=\"elementor-element elementor-element-976a098 e-flex e-con-boxed e-con e-parent\" data-id=\"976a098\" data-element_type=\"container\">\n\t\t\t\t\t<div class=\"e-con-inner\">\n\t\t\t\t<div class=\"elementor-element elementor-element-d8d0c3c elementor-widget elementor-widget-heading\" data-id=\"d8d0c3c\" data-element_type=\"widget\" data-widget_type=\"heading.default\">\n\t\t\t\t<div class=\"elementor-widget-container\">\n\t\t\t\t\t<h1 class=\"elementor-heading-title elementor-size-default\">Informazioni legali<\/h1>\t\t\t\t<\/div>\n\t\t\t\t<\/div>\n\t\t\t\t<div class=\"elementor-element elementor-element-4f12741 elementor-widget elementor-widget-text-editor\" data-id=\"4f12741\" data-element_type=\"widget\" data-widget_type=\"text-editor.default\">\n\t\t\t\t<div class=\"elementor-widget-container\">\n\t\t\t\t\t\t\t\t\t<h5>Responsabile del contenuto<\/h5><p>prio.swiss<\/p><h5>Concetto e design<\/h5><p>Metaloop AG<br \/>Furkastrasse 3<br \/>3900 Brig<\/p><p>Telefon: 027 922 08 50<br \/>E-Mail: <a href=\"mailto:info@metaloop.ch\">info@metaloop.ch<\/a><\/p><h5>Sviluppo web e hosting<\/h5><p>Valpix GmbH<br \/>Kantonsstrasse 73a<br \/>3930 Visp<\/p><p>Telefon: +41 27 924 60 82<br \/>E-Mail: <a href=\"mailto:hallo@valpix.ch\">hallo@valpix.ch<\/a><\/p><h5>Dichiarazione di non responsabilit\u00e0<\/h5><p>Il contenuto di questo sito web \u00e8 curato con la massima attenzione possibile. Tuttavia, non si assume alcuna responsabilit\u00e0 per i contenuti. Salvo errori, refusi e modifiche. Il contenuto \u00e8 protetto da copyright. Non ci assumiamo alcuna responsabilit\u00e0 per il contenuto dei link esterni. I gestori delle pagine collegate sono gli unici responsabili del loro contenuto.<\/p>\t\t\t\t\t\t\t\t<\/div>\n\t\t\t\t<\/div>\n\t\t\t\t\t<\/div>\n\t\t\t\t<\/section>\n\t\t\t\t<\/div>\n\t\t","protected":false},"excerpt":{"rendered":"<p>< zur\u00fcck Informazioni legali Responsabile del contenuto prio.swiss Concetto e design Metaloop AGFurkastrasse 33900 Brig Telefon: 027 922 08 50E-Mail: info@metaloop.ch Sviluppo web e hosting Valpix GmbHKantonsstrasse 73a3930 Visp Telefon: +41 27 924 60 82E-Mail: hallo@valpix.ch Dichiarazione di non responsabilit\u00e0 Il contenuto di questo sito web \u00e8 curato con la massima attenzione possibile. Tuttavia, non [&hellip;]\n<\/p>\n","protected":false},"author":1,"featured_media":0,"parent":0,"menu_order":0,"comment_status":"closed","ping_status":"closed","template":"","meta":{"_acf_changed":false,"footnotes":""},"class_list":["post-1417","page","type-page","status-publish","hentry"],"acf":[],"yoast_head":"<!-- This site is optimized with the Yoast SEO plugin v26.6 - https:\/\/yoast.com\/wordpress\/plugins\/seo\/ -->\n<title>Informazioni legali - Prio.Swiss \u2013 Der Verband Schweizer Krankenversicherer<\/title>\n<meta name=\"robots\" content=\"index, follow, max-snippet:-1, max-image-preview:large, max-video-preview:-1\" \/>\n<link rel=\"canonical\" href=\"https:\/\/prio.swiss\/it\/informazioni-legali\/\" \/>\n<meta property=\"og:locale\" content=\"it_IT\" \/>\n<meta property=\"og:type\" content=\"article\" \/>\n<meta property=\"og:title\" content=\"Informazioni legali - Prio.Swiss \u2013 Der Verband Schweizer Krankenversicherer\" \/>\n<meta property=\"og:description\" content=\"&lt; zur\u00fcck Informazioni legali Responsabile del contenuto prio.swiss Concetto e design Metaloop AGFurkastrasse 33900 Brig Telefon: 027 922 08 50E-Mail: info@metaloop.ch Sviluppo web e hosting Valpix GmbHKantonsstrasse 73a3930 Visp Telefon: +41 27 924 60 82E-Mail: hallo@valpix.ch Dichiarazione di non responsabilit\u00e0 Il contenuto di questo sito web \u00e8 curato con la massima attenzione possibile. Tuttavia, non [&hellip;]\" \/>\n<meta property=\"og:url\" content=\"https:\/\/prio.swiss\/it\/informazioni-legali\/\" \/>\n<meta property=\"og:site_name\" content=\"Prio.Swiss \u2013 Der Verband Schweizer Krankenversicherer\" \/>\n<meta property=\"article:modified_time\" content=\"2024-12-31T02:11:16+00:00\" \/>\n<meta name=\"twitter:card\" content=\"summary_large_image\" \/>\n<meta name=\"twitter:label1\" content=\"Tempo di lettura stimato\" \/>\n\t<meta name=\"twitter:data1\" content=\"1 minuto\" \/>\n<script type=\"application\/ld+json\" class=\"yoast-schema-graph\">{\"@context\":\"https:\/\/schema.org\",\"@graph\":[{\"@type\":\"WebPage\",\"@id\":\"https:\/\/prio.swiss\/it\/informazioni-legali\/\",\"url\":\"https:\/\/prio.swiss\/it\/informazioni-legali\/\",\"name\":\"Informazioni legali - Prio.Swiss \u2013 Der Verband Schweizer Krankenversicherer\",\"isPartOf\":{\"@id\":\"https:\/\/prio.swiss\/#website\"},\"datePublished\":\"2024-12-31T02:02:22+00:00\",\"dateModified\":\"2024-12-31T02:11:16+00:00\",\"breadcrumb\":{\"@id\":\"https:\/\/prio.swiss\/it\/informazioni-legali\/#breadcrumb\"},\"inLanguage\":\"it-IT\",\"potentialAction\":[{\"@type\":\"ReadAction\",\"target\":[\"https:\/\/prio.swiss\/it\/informazioni-legali\/\"]}]},{\"@type\":\"BreadcrumbList\",\"@id\":\"https:\/\/prio.swiss\/it\/informazioni-legali\/#breadcrumb\",\"itemListElement\":[{\"@type\":\"ListItem\",\"position\":1,\"name\":\"Startseite\",\"item\":\"https:\/\/prio.swiss\/fr\/\"},{\"@type\":\"ListItem\",\"position\":2,\"name\":\"Informazioni legali\"}]},{\"@type\":\"WebSite\",\"@id\":\"https:\/\/prio.swiss\/#website\",\"url\":\"https:\/\/prio.swiss\/\",\"name\":\"Prio.Swiss \u2013 Der Verband Schweizer Krankenversicherer\",\"description\":\"\",\"potentialAction\":[{\"@type\":\"SearchAction\",\"target\":{\"@type\":\"EntryPoint\",\"urlTemplate\":\"https:\/\/prio.swiss\/?s={search_term_string}\"},\"query-input\":{\"@type\":\"PropertyValueSpecification\",\"valueRequired\":true,\"valueName\":\"search_term_string\"}}],\"inLanguage\":\"it-IT\"}]}<\/script>\n<!-- \/ Yoast SEO plugin. -->","yoast_head_json":{"title":"Informazioni legali - Prio.Swiss \u2013 Der Verband Schweizer Krankenversicherer","robots":{"index":"index","follow":"follow","max-snippet":"max-snippet:-1","max-image-preview":"max-image-preview:large","max-video-preview":"max-video-preview:-1"},"canonical":"https:\/\/prio.swiss\/it\/informazioni-legali\/","og_locale":"it_IT","og_type":"article","og_title":"Informazioni legali - Prio.Swiss \u2013 Der Verband Schweizer Krankenversicherer","og_description":"< zur\u00fcck Informazioni legali Responsabile del contenuto prio.swiss Concetto e design Metaloop AGFurkastrasse 33900 Brig Telefon: 027 922 08 50E-Mail: info@metaloop.ch Sviluppo web e hosting Valpix GmbHKantonsstrasse 73a3930 Visp Telefon: +41 27 924 60 82E-Mail: hallo@valpix.ch Dichiarazione di non responsabilit\u00e0 Il contenuto di questo sito web \u00e8 curato con la massima attenzione possibile. Tuttavia, non [&hellip;]","og_url":"https:\/\/prio.swiss\/it\/informazioni-legali\/","og_site_name":"Prio.Swiss \u2013 Der Verband Schweizer Krankenversicherer","article_modified_time":"2024-12-31T02:11:16+00:00","twitter_card":"summary_large_image","twitter_misc":{"Tempo di lettura stimato":"1 minuto"},"schema":{"@context":"https:\/\/schema.org","@graph":[{"@type":"WebPage","@id":"https:\/\/prio.swiss\/it\/informazioni-legali\/","url":"https:\/\/prio.swiss\/it\/informazioni-legali\/","name":"Informazioni legali - Prio.Swiss \u2013 Der Verband Schweizer Krankenversicherer","isPartOf":{"@id":"https:\/\/prio.swiss\/#website"},"datePublished":"2024-12-31T02:02:22+00:00","dateModified":"2024-12-31T02:11:16+00:00","breadcrumb":{"@id":"https:\/\/prio.swiss\/it\/informazioni-legali\/#breadcrumb"},"inLanguage":"it-IT","potentialAction":[{"@type":"ReadAction","target":["https:\/\/prio.swiss\/it\/informazioni-legali\/"]}]},{"@type":"BreadcrumbList","@id":"https:\/\/prio.swiss\/it\/informazioni-legali\/#breadcrumb","itemListElement":[{"@type":"ListItem","position":1,"name":"Startseite","item":"https:\/\/prio.swiss\/fr\/"},{"@type":"ListItem","position":2,"name":"Informazioni legali"}]},{"@type":"WebSite","@id":"https:\/\/prio.swiss\/#website","url":"https:\/\/prio.swiss\/","name":"Prio.Swiss \u2013 Der Verband Schweizer Krankenversicherer","description":"","potentialAction":[{"@type":"SearchAction","target":{"@type":"EntryPoint","urlTemplate":"https:\/\/prio.swiss\/?s={search_term_string}"},"query-input":{"@type":"PropertyValueSpecification","valueRequired":true,"valueName":"search_term_string"}}],"inLanguage":"it-IT"}]}},"_links":{"self":[{"href":"https:\/\/prio.swiss\/it\/wp-json\/wp\/v2\/pages\/1417","targetHints":{"allow":["GET"]}}],"collection":[{"href":"https:\/\/prio.swiss\/it\/wp-json\/wp\/v2\/pages"}],"about":[{"href":"https:\/\/prio.swiss\/it\/wp-json\/wp\/v2\/types\/page"}],"author":[{"embeddable":true,"href":"https:\/\/prio.swiss\/it\/wp-json\/wp\/v2\/users\/1"}],"replies":[{"embeddable":true,"href":"https:\/\/prio.swiss\/it\/wp-json\/wp\/v2\/comments?post=1417"}],"version-history":[{"count":4,"href":"https:\/\/prio.swiss\/it\/wp-json\/wp\/v2\/pages\/1417\/revisions"}],"predecessor-version":[{"id":1425,"href":"https:\/\/prio.swiss\/it\/wp-json\/wp\/v2\/pages\/1417\/revisions\/1425"}],"wp:attachment":[{"href":"https:\/\/prio.swiss\/it\/wp-json\/wp\/v2\/media?parent=1417"}],"curies":[{"name":"wp","href":"https:\/\/api.w.org\/{rel}","templated":true}]}}